{"id":825,"date":"2023-02-11T08:39:32","date_gmt":"2023-02-11T08:39:32","guid":{"rendered":"https:\/\/amuniviaggi.it\/es\/?page_id=825"},"modified":"2023-07-20T15:17:31","modified_gmt":"2023-07-20T15:17:31","slug":"una-sicilia-di-lusso","status":"publish","type":"page","link":"https:\/\/amuniviaggi.it\/es\/una-sicilia-di-lusso\/","title":{"rendered":"Una sicilia di lusso"},"content":{"rendered":"<p>[et_pb_section fb_built=&#8221;1&#8243; fullwidth=&#8221;on&#8221; _builder_version=&#8221;4.21.0&#8243; _module_preset=&#8221;default&#8221; global_colors_info=&#8221;{}&#8221;][et_pb_fullwidth_slider show_arrows=&#8221;off&#8221; show_pagination=&#8221;off&#8221; _builder_version=&#8221;4.21.0&#8243; _module_preset=&#8221;default&#8221; height=&#8221;750px&#8221; auto=&#8221;on&#8221; auto_speed=&#8221;4500&#8243; auto_ignore_hover=&#8221;on&#8221; global_colors_info=&#8221;{}&#8221;][et_pb_slide _builder_version=&#8221;4.21.0&#8243; _module_preset=&#8221;default&#8221; background_enable_color=&#8221;off&#8221; background_image=&#8221;https:\/\/amuniviaggi.it\/es\/wp-content\/uploads\/sites\/5\/2023\/07\/una_sicilia_di_lusso1.jpg&#8221; background_enable_image=&#8221;on&#8221; parallax=&#8221;on&#8221; global_colors_info=&#8221;{}&#8221; sticky_transition=&#8221;on&#8221;][\/et_pb_slide][et_pb_slide _builder_version=&#8221;4.21.0&#8243; _module_preset=&#8221;default&#8221; background_enable_color=&#8221;off&#8221; background_image=&#8221;https:\/\/amuniviaggi.it\/es\/wp-content\/uploads\/sites\/5\/2023\/07\/golf_resort.jpg&#8221; background_enable_image=&#8221;on&#8221; parallax=&#8221;on&#8221; global_colors_info=&#8221;{}&#8221; sticky_transition=&#8221;on&#8221;][\/et_pb_slide][et_pb_slide _builder_version=&#8221;4.21.0&#8243; _module_preset=&#8221;default&#8221; background_enable_color=&#8221;off&#8221; background_image=&#8221;https:\/\/amuniviaggi.it\/es\/wp-content\/uploads\/sites\/5\/2023\/07\/una_sicilia_di_lusso.jpg&#8221; background_enable_image=&#8221;on&#8221; parallax=&#8221;on&#8221; global_colors_info=&#8221;{}&#8221; sticky_transition=&#8221;on&#8221;][\/et_pb_slide][\/et_pb_fullwidth_slider][\/et_pb_section][et_pb_section fb_built=&#8221;1&#8243; _builder_version=&#8221;4.21.0&#8243; _module_preset=&#8221;default&#8221; global_colors_info=&#8221;{}&#8221;][et_pb_row _builder_version=&#8221;4.21.0&#8243; _module_preset=&#8221;default&#8221; global_colors_info=&#8221;{}&#8221;][et_pb_column type=&#8221;4_4&#8243; _builder_version=&#8221;4.21.0&#8243; _module_preset=&#8221;default&#8221; global_colors_info=&#8221;{}&#8221;][et_pb_text _builder_version=&#8221;4.21.0&#8243; _module_preset=&#8221;default&#8221; text_font=&#8221;Mulish||||||||&#8221; header_font=&#8221;Mulish||||||||&#8221; header_font_size=&#8221;40px&#8221; header_3_font=&#8221;Mulish||||||||&#8221; hover_enabled=&#8221;0&#8243; global_colors_info=&#8221;{}&#8221; sticky_enabled=&#8221;0&#8243;]<\/p>\n<div class=\"page-header\">\n<h1 itemprop=\"name\">Una Sicilia&#8230; de lujo<\/h1>\n<\/div>\n<div itemprop=\"articleBody\">\n<p>&nbsp;<\/p>\n<h3 class=\"title\">Nuestro producto:<\/h3>\n<p class=\"giustificato\">Viajes de lujo para los que quieren descubrir las maravillas de Sicilia sin renunciar al m\u00e1ximo confort. Experiencias \u00fanicas e imborrables donde los sue\u00f1os se hacen realidad y los deseos se cumplen gracias a la atenci\u00f3n a cada detalle. Servicios de lujo de todo tipo para unas vacaciones llenas de magia.<\/p>\n<p>&nbsp;<\/p>\n<h3 class=\"servizi-elenco-title\">Nuestros servicios:<\/h3>\n<ul class=\"servizi\">\n<li>Ubicaciones de lujo y casas hist\u00f3ricas, ubicadas en el coraz\u00f3n de las ciudades m\u00e1s importantes o inmersas en la naturaleza virgen del paisaje siciliano;<\/li>\n<li>Experiencias gastron\u00f3micas ins\u00f3litas donde la tradici\u00f3n se encuentra con la cocina gourmet;<\/li>\n<li>Excursiones ad hoc con conductores y gu\u00edas multiling\u00fces calificados para descubrir el estilo de vida de los pueblos sicilianos;<\/li>\n<li>Rutas del vino con visitas a las mejores bodegas locales donde expertos sumilleres ofrecer\u00e1n catas de vinos y catas dirigidas;<\/li>\n<li>Clase de cocina para hacer las recetas que han hecho famosa la cocina siciliana en todo el mundo para llevar contigo en el viaje de regreso;<\/li>\n<li>Rutas de senderismo y trekking para admirar lugares encantadores al aire libre;<\/li>\n<li>Servicios de yates y traslados en helic\u00f3ptero para llegar a las islas m\u00e1s peque\u00f1as disfrutando del m\u00e1ximo lujo.<\/li>\n<\/ul>\n<p>&nbsp;<\/p>\n<p class=\"giustificato\">La Sicilia \u00e8 un mix di tradizioni, storie e culture differenti che raccontano l\u2019eredit\u00e0 lasciata dalle varie dominazioni, e che si mostrano ancora vive in questa isola unica.<\/p>\n<\/div>\n<p>[\/et_pb_text][\/et_pb_column][\/et_pb_row][\/et_pb_section]<\/p>\n","protected":false},"excerpt":{"rendered":"<p>Una Sicilia&#8230; de lujo &nbsp; Nuestro producto: Viajes de lujo para los que quieren descubrir las maravillas de Sicilia sin renunciar al m\u00e1ximo confort. Experiencias \u00fanicas e imborrables donde los sue\u00f1os se hacen realidad y los deseos se cumplen gracias a la atenci\u00f3n a cada detalle. Servicios de lujo de todo tipo para unas vacaciones [&hellip;]<\/p>\n","protected":false},"author":1,"featured_media":0,"parent":0,"menu_order":0,"comment_status":"closed","ping_status":"closed","template":"","meta":{"_et_pb_use_builder":"on","_et_pb_old_content":"<!-- wp:divi\/placeholder \/-->","_et_gb_content_width":"","inline_featured_image":false,"footnotes":""},"class_list":["post-825","page","type-page","status-publish","hentry"],"_links":{"self":[{"href":"https:\/\/amuniviaggi.it\/es\/wp-json\/wp\/v2\/pages\/825","targetHints":{"allow":["GET"]}}],"collection":[{"href":"https:\/\/amuniviaggi.it\/es\/wp-json\/wp\/v2\/pages"}],"about":[{"href":"https:\/\/amuniviaggi.it\/es\/wp-json\/wp\/v2\/types\/page"}],"author":[{"embeddable":true,"href":"https:\/\/amuniviaggi.it\/es\/wp-json\/wp\/v2\/users\/1"}],"replies":[{"embeddable":true,"href":"https:\/\/amuniviaggi.it\/es\/wp-json\/wp\/v2\/comments?post=825"}],"version-history":[{"count":12,"href":"https:\/\/amuniviaggi.it\/es\/wp-json\/wp\/v2\/pages\/825\/revisions"}],"predecessor-version":[{"id":278557,"href":"https:\/\/amuniviaggi.it\/es\/wp-json\/wp\/v2\/pages\/825\/revisions\/278557"}],"wp:attachment":[{"href":"https:\/\/amuniviaggi.it\/es\/wp-json\/wp\/v2\/media?parent=825"}],"curies":[{"name":"wp","href":"https:\/\/api.w.org\/{rel}","templated":true}]}}