{"id":3,"date":"2023-02-08T11:02:39","date_gmt":"2023-02-08T11:02:39","guid":{"rendered":"https:\/\/amuniviaggi.it\/es\/?page_id=3"},"modified":"2023-07-20T15:29:10","modified_gmt":"2023-07-20T15:29:10","slug":"privacy-policy","status":"publish","type":"page","link":"https:\/\/amuniviaggi.it\/es\/privacy-policy\/","title":{"rendered":"Privacy Policy"},"content":{"rendered":"[et_pb_section fb_built=&#8221;1&#8243; admin_label=&#8221;section&#8221; _builder_version=&#8221;4.16&#8243; global_colors_info=&#8221;{}&#8221;][et_pb_row admin_label=&#8221;row&#8221; _builder_version=&#8221;4.16&#8243; background_size=&#8221;initial&#8221; background_position=&#8221;top_left&#8221; background_repeat=&#8221;repeat&#8221; global_colors_info=&#8221;{}&#8221;][et_pb_column type=&#8221;4_4&#8243; _builder_version=&#8221;4.16&#8243; custom_padding=&#8221;|||&#8221; global_colors_info=&#8221;{}&#8221; custom_padding__hover=&#8221;|||&#8221;][et_pb_text admin_label=&#8221;Text&#8221; _builder_version=&#8221;4.21.0&#8243; background_size=&#8221;initial&#8221; background_position=&#8221;top_left&#8221; background_repeat=&#8221;repeat&#8221; hover_enabled=&#8221;0&#8243; global_colors_info=&#8221;{}&#8221; sticky_enabled=&#8221;0&#8243;]<p><\/p>\n<div class=\"page-header\">\n<h2 class=\"wp-block-heading\" itemprop=\"name\">Privacy<\/h2>\n<\/div>\n<div itemprop=\"articleBody\">\n<p class=\"giustificato\"><span>Informativa al trattamento dei dati personali ai sensi dell\u2019art. 13 del D.Lgs. n. 196\/2003<\/span><\/p>\n<p><span><strong>1. Finalit\u00e0 del trattamento<\/strong><\/span><br \/><span>Il trattamento dei dati personali \u00e8 diretto esclusivamente al raggiungimento delle seguenti finalit\u00e0:<\/span><br \/><span>\u00a0\u00a0 a) Per esigenze preliminari alla stipula di contratti di vendita e prestazione di servizi, per dare esecuzione agli stessi e per tutela delle posizioni creditorie da loro derivanti;<\/span><br \/><span>\u00a0\u00a0 b) Per adempiere qualunque tipo di obbligo previsto da leggi o regolamenti vigenti;<\/span><br \/><span>\u00a0\u00a0 c) Per esigenze di tipo operativo, gestionale, contabile e quanto necessario per adempiere al servizio offerto nei contratti;<\/span><br \/><span>\u00a0\u00a0 d) Per finalit\u00e0 commerciali, di marketing strategico e operativo;<\/span><br \/><span>\u00a0\u00a0 e) Per organizzare e gestire viaggi, vacanze, trasferimenti, soggiorni, gite, organizzate e non in paesi di tutto il mondo;<\/span><br \/><span>\u00a0\u00a0 f) Per la stipula di contratti assicurativi inerenti il servizio offerto.<\/span><br \/><span><strong>2. Modalit\u00e0 di trattamento<\/strong><\/span><br \/><span>Il trattamento dei dati potr\u00e0 consistere, oltre che nella loro raccolta, nella loro registrazione, conservazione, modificazione, comunicazione, cancellazione, diffusione ecc. e sar\u00e0 effettuato sia con l\u2019utilizzo di supporto cartaceo sia con l\u2019ausilio di strumenti elettronici informatici e telematici, secondo modalit\u00e0 e con strumenti idonei a garantire la sicurezza e la riservatezza dei dati stessi, in conformit\u00e0 a quanto previsto dagli articoli 31 e seguenti del D.Lgs. 196\/2003, relativi alle &#8220;misure minime di sicurezza per il trattamento dei dati personali&#8221;. Inoltre le metodologie applicate garantiscono che l\u2019accesso ai dati sia consentito alle sole persone incaricate al trattamento da parte della nostra Societ\u00e0.<\/span><\/p>\n<p><span>Nell\u2019elenco dei trattamenti sopraesposti potrebbero essere oggetto degli stessi trattamenti anche dei dati sensibili da voi liberamente comunicati al fine di individuare particolari attenzioni, ricordiamo che per dati sensibili si intendono quelli riferiti alla vita sessuale, stato di salute, origine razziale o etnica, adesione a partiti sindacali e\/o associazioni filosofiche,religiose, nel caso i trattamenti potranno essere compiuti solo con la presenza dell\u2019autorizzazione firmata dell\u2019apposito consenso.<\/span><br \/><span><strong>3.Conferimento dei dati<\/strong><\/span><br \/><span>Il conferimento dei dati \u00e8:<\/span><br \/><span>\u00a0\u00a0 a) Obbligatorio per il raggiungimento delle finalit\u00e0 connesse agli obblighi previsti da leggi nazionali ed internazionali o da altre normative vincolanti presso i paesi destinatari dei dati;<\/span><br \/><span>\u00a0\u00a0 b) Necessario per la corretta instaurazione e prosecuzione del rapporto instaurato. Un eventuale rifiuto alla fornitura dei dati di cui sopra, seppur legittimo, potrebbe compromettere il regolare svolgimento del rapporto con la nostra Societ\u00e0 ed, in particolare,potrebbe comportare l\u2019impossibilit\u00e0 per noi di dare esecuzione agli ordini, nonch\u00e9 di effettuare le prestazioni dei servizi richiesti e la relativa gestione amministrativa.<\/span><br \/><span><strong>4. Comunicazione e diffusione dei dati<\/strong><\/span><br \/><span>La comunicazione all\u2019esterno dei dati personali raccolti per le finalit\u00e0 di cui al punto 1 potr\u00e0 avvenire solo dove:<\/span><br \/><span>\u00a0\u00a0 a) Tale comunicazione sia obbligatoria per assicurare l\u2019ottemperanza degli adempimenti previsti dalla legge o da altre norme vincolanti;<\/span><br \/><span>\u00a0\u00a0 b) Tale comunicazione sia obbligatoria per assicurare la corretta instaurazione o prosecuzione del rapporto intrattenuto col Cliente.<\/span><br \/><span>I dati personali raccolti per il raggiungimento delle finalit\u00e0 sopraindicate potranno essere comunicati, per quanto di loro competenza, a soggetti pubblici e privati, persone fisiche e\/o giuridiche e aventi finalit\u00e0 commerciali e\/o di gestione dei sistemi informativi e\/o dei sistemi di pagamento, compresi soggetti esterni che svolgono specifici incarichi per conto della nostra Societ\u00e0. In particolare, i dati potranno essere comunicati alle seguenti categorie di soggetti: rete commerciale, rete marketing, istituti bancari e Societ\u00e0 specializzate nella gestione dei pagamenti, studi legali e di consulenza, soggetti incaricati alla revisione del bilancio della nostra Societ\u00e0, pubbliche autorit\u00e0 e amministrazioni per gli adempimenti di legge, fornitori Italiani ed Esteri, Compagnie marittime e\/o Aeree, hotel, tour operator, corrispondenti locali, compagnie assicurative.<\/span><br \/><span><strong>5. Trasferimento dei dati all\u2019estero<\/strong><\/span><br \/><span>Nei limiti strettamente necessari all\u2019esecuzione del rapporto contrattuale in essere, i dati potranno essere comunicati a soggetti terzi (quali fornitori) e altre categorie definite al punto (4-b) situati all\u2019estero, ricordiamo che i paesi non facenti parte della comunit\u00e0 europea non sono assoggettati alla normativa vigente in materia di trattamento dei dati oggetto di questa informativa, ma la tutela dei dati \u00e8 vincolata a leggi e\/o regolamenti locali, pertanto tale comunicazione potr\u00e0 avvenire solo tramite la firma dell\u2019allegato consenso.<\/span><br \/><span><strong>6. Diritti dell\u2019interessato<\/strong><\/span><br \/><span>Ai sensi dell\u2019Art. 7 e seguenti del D.Lgs. 196\/2003 il Cliente ha diritto, tra l\u2019altro, di:<\/span><br \/><span>\u00a0\u00a0 a) Ottenere conferma dell\u2019esistenza o meno di dati personali che lo riguardino e la loro comunicazione in forma intelleggibile;<\/span><br \/><span>\u00a0\u00a0 b) Di ottenere a cura del Titolare o del Responsabile del trattamento di:<\/span><br \/><span>\u00a0\u00a0\u00a0\u00a0\u00a0 I. indicazioni sull\u2019origine dei dati personali, sulle finalit\u00e0 e sulle modalit\u00e0 del trattamento, sulla logica applicata nel caso di trattamento con strumenti elettronici;<\/span><br \/><span>\u00a0\u00a0\u00a0\u00a0\u00a0 II. indicazione degli estremi indicativi del Titolare del trattamento o dei responsabili, nonch\u00e9, eventualmente del rappresentante designato da un soggetto straniero al trattamento dei dati in Italia;<\/span><br \/><span>\u00a0\u00a0\u00a0\u00a0\u00a0 III. indicazioni circa i soggetti o le categorie di soggetti a cui i dati possono essere comunicati o che possono venire a conoscenza degli stessi in qualit\u00e0 di rappresentante designato sul territorio dello stato, di responsabili o incaricati.<\/span><br \/><span>\u00a0\u00a0 c) Di ottenere:<\/span><br \/><span>\u00a0\u00a0\u00a0\u00a0\u00a0 I. L\u2019aggiornamento, la rettificazione o l\u2019integrazione dati che lo riguardino;<\/span><br \/><span>\u00a0\u00a0\u00a0\u00a0\u00a0 II. La cancellazione, la trasformazione in forma anonima o il blocco dei dati trattati in violazione di legge, compresi quelli di cui non \u00e8 necessaria la conservazione in relazione agli scopi per i quali i dati sono stati raccolti o successivamente trattati;<\/span><br \/><span>\u00a0\u00a0\u00a0\u00a0\u00a0 III. L\u2019attestazione del fatto che le operazioni di cui ai punti I \u2013 II che precedono siano state portate a conoscenza, anche per quanto riguarda il loro contenuto, di coloro i quali i dati sono stati comunicati o diffusi, salvo il caso in cui tale adempimento risulti impossibile o comporti l\u2019impiego di mezzi sproporzionati rispetto al diritto tutelato.<\/span><br \/><span>\u00a0\u00a0 d) Opporsi in tutto o in parte:<\/span><br \/><span>\u00a0\u00a0\u00a0\u00a0\u00a0 I. per motivi legittimi, al trattamento dei dati che lo riguardano, ancorch\u00e9 pertinenti allo scopo della raccolta;<\/span><br \/><span>\u00a0\u00a0\u00a0\u00a0\u00a0 II. al trattamento dei dati personali che lo riguardano, previsto ai fini di informazione commerciale o di invio di materiale pubblicitario o di vendita diretta ovvero per il compimento di ricerche di mercato o di comunicazione commerciale.<\/span><br \/><span>I diritti che precedono, possono essere esercitati sia direttamente, sia tramite un Suo incaricato, nelle forme previste dagli art. 8 e 9 del D.Lgs. 196\/2003.<\/span><br \/><span><strong>7. Titolare e Responsabile<\/strong><\/span><br \/><span>Le confermiamo inoltre che Titolare del trattamento \u00e8 la scrivente Societ\u00e0 Amun\u00ec Viaggi s.a.s. di Cirami Rosetta, con sede legale in Via Mazzini, 177 92100 Agrigento. Il responsabile del trattamento dei dati \u00e8 la Sig. Rosetta Cirami reperibile al numero telefonico +39 0922 602061 e al seguente indirizzo e-mail: <span id=\"cloak5ed938671f27205d4c28aeb7302784d3\"><a href=\"mailto:info@amuniviaggi.it\">info@amuniviaggi.it<\/a><\/span>.<\/span><br \/><span><strong>8. Consenso al trattamento<\/strong><\/span><br \/><span>La prestazione del consenso al trattamento dei dati personali con le modalit\u00e0 e per le finalit\u00e0 illustrate nell\u2019informativa \u00e8 facoltativa nel caso di dati comuni comunicati a paesi facenti parte la comunit\u00e0 Europea e obbligatoria nei casi di: Trasferimento a paesi non facenti parte della comunit\u00e0 Europea, e in presenza di dati sensibili.<\/span><\/p>\n<p><span>In caso di diniego del consenso, la nostra Societ\u00e0 non potr\u00e0 trattare i dati personali, ma solo utilizzarli in ottemperanza degli obblighi previsti dalla legge o da altre regolamentazioni esistenti, con le possibili conseguenze descritte al punto 3 dell\u2019informativa.<\/span><\/p>\n<\/div>\n<p><\/p>[\/et_pb_text][\/et_pb_column][\/et_pb_row][\/et_pb_section]","protected":false},"excerpt":{"rendered":"<p>Privacy Informativa al trattamento dei dati personali ai sensi dell\u2019art. 13 del D.Lgs. n. 196\/2003 1. Finalit\u00e0 del trattamentoIl trattamento dei dati personali \u00e8 diretto esclusivamente al raggiungimento delle seguenti finalit\u00e0:\u00a0\u00a0 a) Per esigenze preliminari alla stipula di contratti di vendita e prestazione di servizi, per dare esecuzione agli stessi e per tutela delle posizioni [&hellip;]<\/p>\n","protected":false},"author":1,"featured_media":0,"parent":0,"menu_order":0,"comment_status":"closed","ping_status":"open","template":"","meta":{"_et_pb_use_builder":"on","_et_pb_old_content":"<!-- wp:heading -->\n<h2>Who we are<\/h2>\n<!-- \/wp:heading -->\n\n<!-- wp:paragraph -->\n<p><strong class=\"privacy-policy-tutorial\">Suggested text: <\/strong>Our website address is: https:\/\/amuniviaggi.it\/es.<\/p>\n<!-- \/wp:paragraph -->\n\n<!-- wp:heading -->\n<h2>Comments<\/h2>\n<!-- \/wp:heading -->\n\n<!-- wp:paragraph -->\n<p><strong class=\"privacy-policy-tutorial\">Suggested text: <\/strong>When visitors leave comments on the site we collect the data shown in the comments form, and also the visitor\u2019s IP address and browser user agent string to help spam detection.<\/p>\n<!-- \/wp:paragraph -->\n\n<!-- wp:paragraph -->\n<p>An anonymized string created from your email address (also called a hash) may be provided to the Gravatar service to see if you are using it. The Gravatar service privacy policy is available here: https:\/\/automattic.com\/privacy\/. After approval of your comment, your profile picture is visible to the public in the context of your comment.<\/p>\n<!-- \/wp:paragraph -->\n\n<!-- wp:heading -->\n<h2>Media<\/h2>\n<!-- \/wp:heading -->\n\n<!-- wp:paragraph -->\n<p><strong class=\"privacy-policy-tutorial\">Suggested text: <\/strong>If you upload images to the website, you should avoid uploading images with embedded location data (EXIF GPS) included. Visitors to the website can download and extract any location data from images on the website.<\/p>\n<!-- \/wp:paragraph -->\n\n<!-- wp:heading -->\n<h2>Cookies<\/h2>\n<!-- \/wp:heading -->\n\n<!-- wp:paragraph -->\n<p><strong class=\"privacy-policy-tutorial\">Suggested text: <\/strong>If you leave a comment on our site you may opt-in to saving your name, email address and website in cookies. These are for your convenience so that you do not have to fill in your details again when you leave another comment. These cookies will last for one year.<\/p>\n<!-- \/wp:paragraph -->\n\n<!-- wp:paragraph -->\n<p>If you visit our login page, we will set a temporary cookie to determine if your browser accepts cookies. This cookie contains no personal data and is discarded when you close your browser.<\/p>\n<!-- \/wp:paragraph -->\n\n<!-- wp:paragraph -->\n<p>When you log in, we will also set up several cookies to save your login information and your screen display choices. Login cookies last for two days, and screen options cookies last for a year. If you select \"Remember Me\", your login will persist for two weeks. If you log out of your account, the login cookies will be removed.<\/p>\n<!-- \/wp:paragraph -->\n\n<!-- wp:paragraph -->\n<p>If you edit or publish an article, an additional cookie will be saved in your browser. This cookie includes no personal data and simply indicates the post ID of the article you just edited. It expires after 1 day.<\/p>\n<!-- \/wp:paragraph -->\n\n<!-- wp:heading -->\n<h2>Embedded content from other websites<\/h2>\n<!-- \/wp:heading -->\n\n<!-- wp:paragraph -->\n<p><strong class=\"privacy-policy-tutorial\">Suggested text: <\/strong>Articles on this site may include embedded content (e.g. videos, images, articles, etc.). Embedded content from other websites behaves in the exact same way as if the visitor has visited the other website.<\/p>\n<!-- \/wp:paragraph -->\n\n<!-- wp:paragraph -->\n<p>These websites may collect data about you, use cookies, embed additional third-party tracking, and monitor your interaction with that embedded content, including tracking your interaction with the embedded content if you have an account and are logged in to that website.<\/p>\n<!-- \/wp:paragraph -->\n\n<!-- wp:heading -->\n<h2>Who we share your data with<\/h2>\n<!-- \/wp:heading -->\n\n<!-- wp:paragraph -->\n<p><strong class=\"privacy-policy-tutorial\">Suggested text: <\/strong>If you request a password reset, your IP address will be included in the reset email.<\/p>\n<!-- \/wp:paragraph -->\n\n<!-- wp:heading -->\n<h2>How long we retain your data<\/h2>\n<!-- \/wp:heading -->\n\n<!-- wp:paragraph -->\n<p><strong class=\"privacy-policy-tutorial\">Suggested text: <\/strong>If you leave a comment, the comment and its metadata are retained indefinitely. This is so we can recognize and approve any follow-up comments automatically instead of holding them in a moderation queue.<\/p>\n<!-- \/wp:paragraph -->\n\n<!-- wp:paragraph -->\n<p>For users that register on our website (if any), we also store the personal information they provide in their user profile. All users can see, edit, or delete their personal information at any time (except they cannot change their username). Website administrators can also see and edit that information.<\/p>\n<!-- \/wp:paragraph -->\n\n<!-- wp:heading -->\n<h2>What rights you have over your data<\/h2>\n<!-- \/wp:heading -->\n\n<!-- wp:paragraph -->\n<p><strong class=\"privacy-policy-tutorial\">Suggested text: <\/strong>If you have an account on this site, or have left comments, you can request to receive an exported file of the personal data we hold about you, including any data you have provided to us. You can also request that we erase any personal data we hold about you. This does not include any data we are obliged to keep for administrative, legal, or security purposes.<\/p>\n<!-- \/wp:paragraph -->\n\n<!-- wp:heading -->\n<h2>Where your data is sent<\/h2>\n<!-- \/wp:heading -->\n\n<!-- wp:paragraph -->\n<p><strong class=\"privacy-policy-tutorial\">Suggested text: <\/strong>Visitor comments may be checked through an automated spam detection service.<\/p>\n<!-- \/wp:paragraph -->","_et_gb_content_width":"","inline_featured_image":false,"footnotes":""},"class_list":["post-3","page","type-page","status-publish","hentry"],"_links":{"self":[{"href":"https:\/\/amuniviaggi.it\/es\/wp-json\/wp\/v2\/pages\/3","targetHints":{"allow":["GET"]}}],"collection":[{"href":"https:\/\/amuniviaggi.it\/es\/wp-json\/wp\/v2\/pages"}],"about":[{"href":"https:\/\/amuniviaggi.it\/es\/wp-json\/wp\/v2\/types\/page"}],"author":[{"embeddable":true,"href":"https:\/\/amuniviaggi.it\/es\/wp-json\/wp\/v2\/users\/1"}],"replies":[{"embeddable":true,"href":"https:\/\/amuniviaggi.it\/es\/wp-json\/wp\/v2\/comments?post=3"}],"version-history":[{"count":3,"href":"https:\/\/amuniviaggi.it\/es\/wp-json\/wp\/v2\/pages\/3\/revisions"}],"predecessor-version":[{"id":278564,"href":"https:\/\/amuniviaggi.it\/es\/wp-json\/wp\/v2\/pages\/3\/revisions\/278564"}],"wp:attachment":[{"href":"https:\/\/amuniviaggi.it\/es\/wp-json\/wp\/v2\/media?parent=3"}],"curies":[{"name":"wp","href":"https:\/\/api.w.org\/{rel}","templated":true}]}}