{"id":119,"date":"2023-02-09T08:43:27","date_gmt":"2023-02-09T08:43:27","guid":{"rendered":"https:\/\/amuniviaggi.it\/es\/?page_id=119"},"modified":"2023-07-20T09:54:22","modified_gmt":"2023-07-20T09:54:22","slug":"chi-siamo","status":"publish","type":"page","link":"https:\/\/amuniviaggi.it\/es\/chi-siamo\/","title":{"rendered":"Chi Siamo"},"content":{"rendered":"<p>[et_pb_section fb_built=&#8221;1&#8243; _builder_version=&#8221;4.21.0&#8243; _module_preset=&#8221;default&#8221; global_colors_info=&#8221;{}&#8221;][\/et_pb_section][et_pb_section fb_built=&#8221;1&#8243; _builder_version=&#8221;4.20.4&#8243; _module_preset=&#8221;default&#8221; global_colors_info=&#8221;{}&#8221;][et_pb_row _builder_version=&#8221;4.20.4&#8243; _module_preset=&#8221;default&#8221; global_colors_info=&#8221;{}&#8221;][et_pb_column type=&#8221;4_4&#8243; _builder_version=&#8221;4.20.4&#8243; _module_preset=&#8221;default&#8221; global_colors_info=&#8221;{}&#8221;][et_pb_text _builder_version=&#8221;4.21.0&#8243; _module_preset=&#8221;default&#8221; text_font=&#8221;|700||on|||||&#8221; text_font_size=&#8221;30px&#8221; text_orientation=&#8221;center&#8221; hover_enabled=&#8221;0&#8243; global_colors_info=&#8221;{}&#8221; sticky_enabled=&#8221;0&#8243;]<\/p>\n<p>QUIENES SOMOS<\/p>\n<p>[\/et_pb_text][et_pb_text _builder_version=&#8221;4.21.0&#8243; _module_preset=&#8221;default&#8221; text_font=&#8221;||||||||&#8221; text_font_size=&#8221;17px&#8221; text_line_height=&#8221;1.9em&#8221; text_orientation=&#8221;justified&#8221; custom_padding=&#8221;||||true|true&#8221; hover_enabled=&#8221;0&#8243; global_colors_info=&#8221;{}&#8221; sticky_enabled=&#8221;0&#8243;]<\/p>\n<p>&nbsp;<\/p>\n<p>QUIENES SOMOS<\/p>\n<p>Tras 20 a\u00f1os de experiencia como copropietaria de otra agencia, de la que ya no pertenezco desde agosto de 2015, y tras un breve periodo de descanso y reflexi\u00f3n, he decidido volver al mundo del turismo, para poner al alcance de todos mi experiencia, mi compromiso, mi dedicaci\u00f3n, mi amor por este trabajo.<\/p>\n<p>As\u00ed que fund\u00e9 mi propio \u201cAmun\u00ec Viaggi\u201c.<\/p>\n<p>Cualquiera que sea siciliano sabe bien que &#8220;amun\u00ec&#8221; es una forma cari\u00f1osa y confidencial de decir, cuyo significado es &#8220;vamos, acompa\u00f1\u00e9monos juntos&#8221;, hacia nuevos destinos, nuevas aventuras y nuevas metas.<\/p>\n<p>Esta palabra representa lo que quiero hacer con todos los que quieran, colaborando con amigos americanos, daneses, brasile\u00f1os, australianos, italianos, en definitiva, tanto con todos los que ya han utilizado mis servicios, y espero que sigan haci\u00e9ndolo, como con muchos nuevos amigos de todo el mundo que a\u00fan no me conocen.<\/p>\n<p>Embarcarme en esta nueva aventura me fascina, me emociona y me hace feliz porque este es el mundo que me pertenece\u2026<\/p>\n<p>tu amigo,<br \/>Rosetta Cirami.<\/p>\n<p>[\/et_pb_text][\/et_pb_column][\/et_pb_row][et_pb_row column_structure=&#8221;1_2,1_2&#8243; _builder_version=&#8221;4.20.4&#8243; _module_preset=&#8221;default&#8221; global_colors_info=&#8221;{}&#8221;][et_pb_column type=&#8221;1_2&#8243; _builder_version=&#8221;4.20.4&#8243; _module_preset=&#8221;default&#8221; global_colors_info=&#8221;{}&#8221;][et_pb_image src=&#8221;https:\/\/amuniviaggi.it\/es\/wp-content\/uploads\/sites\/5\/2023\/07\/amuni-viaggi_chi-siamo_1.jpg&#8221; title_text=&#8221;amuni-viaggi_chi-siamo_1&#8243; _builder_version=&#8221;4.20.4&#8243; _module_preset=&#8221;default&#8221; border_radii=&#8221;on|6px|6px|6px|6px&#8221; border_width_all=&#8221;8px&#8221; border_color_all=&#8221;#D6D6D6&#8243; global_colors_info=&#8221;{}&#8221;][\/et_pb_image][\/et_pb_column][et_pb_column type=&#8221;1_2&#8243; _builder_version=&#8221;4.20.4&#8243; _module_preset=&#8221;default&#8221; global_colors_info=&#8221;{}&#8221;][et_pb_image src=&#8221;https:\/\/amuniviaggi.it\/es\/wp-content\/uploads\/sites\/5\/2023\/07\/amuni-viaggi_chi-siamo_2.jpg&#8221; title_text=&#8221;amuni-viaggi_chi-siamo_2&#8243; _builder_version=&#8221;4.20.4&#8243; _module_preset=&#8221;default&#8221; border_radii=&#8221;on|6px|6px|6px|6px&#8221; border_width_all=&#8221;8px&#8221; border_color_all=&#8221;#D6D6D6&#8243; global_colors_info=&#8221;{}&#8221;][\/et_pb_image][\/et_pb_column][\/et_pb_row][\/et_pb_section]<\/p>\n","protected":false},"excerpt":{"rendered":"<p>QUIENES SOMOS&nbsp; QUIENES SOMOS Tras 20 a\u00f1os de experiencia como copropietaria de otra agencia, de la que ya no pertenezco desde agosto de 2015, y tras un breve periodo de descanso y reflexi\u00f3n, he decidido volver al mundo del turismo, para poner al alcance de todos mi experiencia, mi compromiso, mi dedicaci\u00f3n, mi amor por [&hellip;]<\/p>\n","protected":false},"author":1,"featured_media":0,"parent":0,"menu_order":0,"comment_status":"closed","ping_status":"closed","template":"","meta":{"_et_pb_use_builder":"on","_et_pb_old_content":"<!-- wp:divi\/placeholder \/-->","_et_gb_content_width":"","inline_featured_image":false,"footnotes":""},"class_list":["post-119","page","type-page","status-publish","hentry"],"_links":{"self":[{"href":"https:\/\/amuniviaggi.it\/es\/wp-json\/wp\/v2\/pages\/119","targetHints":{"allow":["GET"]}}],"collection":[{"href":"https:\/\/amuniviaggi.it\/es\/wp-json\/wp\/v2\/pages"}],"about":[{"href":"https:\/\/amuniviaggi.it\/es\/wp-json\/wp\/v2\/types\/page"}],"author":[{"embeddable":true,"href":"https:\/\/amuniviaggi.it\/es\/wp-json\/wp\/v2\/users\/1"}],"replies":[{"embeddable":true,"href":"https:\/\/amuniviaggi.it\/es\/wp-json\/wp\/v2\/comments?post=119"}],"version-history":[{"count":6,"href":"https:\/\/amuniviaggi.it\/es\/wp-json\/wp\/v2\/pages\/119\/revisions"}],"predecessor-version":[{"id":278513,"href":"https:\/\/amuniviaggi.it\/es\/wp-json\/wp\/v2\/pages\/119\/revisions\/278513"}],"wp:attachment":[{"href":"https:\/\/amuniviaggi.it\/es\/wp-json\/wp\/v2\/media?parent=119"}],"curies":[{"name":"wp","href":"https:\/\/api.w.org\/{rel}","templated":true}]}}