{"id":278189,"date":"2023-06-26T10:07:50","date_gmt":"2023-06-26T10:07:50","guid":{"rendered":"https:\/\/amuniviaggi.it\/en\/?page_id=278189"},"modified":"2025-06-12T07:45:45","modified_gmt":"2025-06-12T07:45:45","slug":"tour-in-goletta-scala-dei-turchi","status":"publish","type":"page","link":"https:\/\/amuniviaggi.it\/en\/tour-in-goletta-scala-dei-turchi\/","title":{"rendered":"tour in goletta scala dei turchi"},"content":{"rendered":"<p>[et_pb_section fb_built=&#8221;1&#8243; _builder_version=&#8221;4.21.0&#8243; _module_preset=&#8221;default&#8221; custom_padding=&#8221;50px||5px||false|false&#8221; global_colors_info=&#8221;{}&#8221;][et_pb_row column_structure=&#8221;3_4,1_4&#8243; _builder_version=&#8221;4.21.0&#8243; _module_preset=&#8221;default&#8221; background_enable_color=&#8221;off&#8221; max_width=&#8221;1400px&#8221; custom_padding=&#8221;||||false|false&#8221; global_colors_info=&#8221;{}&#8221;][et_pb_column type=&#8221;3_4&#8243; _builder_version=&#8221;4.21.0&#8243; _module_preset=&#8221;default&#8221; global_colors_info=&#8221;{}&#8221;][et_pb_blurb title=&#8221;tour in schooner to admire the scala dei turchi&#8221; image=&#8221;https:\/\/amuniviaggi.it\/en\/wp-content\/uploads\/sites\/3\/2023\/06\/escursionista.svg&#8221; icon_placement=&#8221;left&#8221; image_icon_width=&#8221;200%&#8221; content_max_width=&#8221;1000px&#8221; _builder_version=&#8221;4.21.0&#8243; _module_preset=&#8221;default&#8221; header_font=&#8221;Mulish|700||||on|||&#8221; header_text_align=&#8221;center&#8221; header_text_color=&#8221;#FF6703&#8243; header_font_size=&#8221;40px&#8221; header_line_height=&#8221;2.9em&#8221; image_icon_custom_margin=&#8221;|100px|||false|false&#8221; image_icon_custom_padding=&#8221;||||false|false&#8221; global_colors_info=&#8221;{}&#8221;][\/et_pb_blurb][et_pb_slider show_arrows=&#8221;off&#8221; show_pagination=&#8221;off&#8221; use_bg_overlay=&#8221;off&#8221; use_text_overlay=&#8221;off&#8221; _builder_version=&#8221;4.21.0&#8243; _module_preset=&#8221;default&#8221; header_font=&#8221;Poppins|300|||||||&#8221; header_text_align=&#8221;left&#8221; header_text_color=&#8221;#FFFFFF&#8221; header_font_size=&#8221;28px&#8221; header_line_height=&#8221;1.2em&#8221; body_font=&#8221;Poppins|600|||||||&#8221; body_text_align=&#8221;left&#8221; body_text_color=&#8221;#FFFFFF&#8221; body_font_size=&#8221;48px&#8221; body_line_height=&#8221;1.6em&#8221; background_color_gradient_direction=&#8221;90deg&#8221; custom_button=&#8221;on&#8221; button_text_size=&#8221;16px&#8221; button_text_color=&#8221;#FFFFFF&#8221; button_bg_color=&#8221;#9416ee&#8221; button_border_width=&#8221;8px&#8221; button_border_color=&#8221;#9416ee&#8221; button_border_radius=&#8221;0px&#8221; button_letter_spacing=&#8221;1px&#8221; button_font=&#8221;Poppins|300|||||||&#8221; button_icon=&#8221;%%3%%&#8221; button_custom_padding=&#8221;||||false|false&#8221; button_custom_padding_tablet=&#8221;||||false|false&#8221; button_custom_padding_phone=&#8221;0.2em|1.2em|0.2em|1.2em|true|false&#8221; button_custom_padding_last_edited=&#8221;on|phone&#8221; text_orientation=&#8221;left&#8221; height=&#8221;400px&#8221; custom_margin=&#8221;-35px||-35px||true|false&#8221; custom_padding=&#8221;||||false|false&#8221; auto=&#8221;on&#8221; auto_speed=&#8221;4000&#8243; header_font_size_tablet=&#8221;24px&#8221; header_font_size_phone=&#8221;14px&#8221; header_font_size_last_edited=&#8221;on|desktop&#8221; body_font_size_tablet=&#8221;36px&#8221; body_font_size_phone=&#8221;20px&#8221; body_font_size_last_edited=&#8221;on|desktop&#8221; button_text_size_tablet=&#8221;14px&#8221; button_text_size_phone=&#8221;12px&#8221; button_text_size_last_edited=&#8221;on|desktop&#8221; button_border_width_tablet=&#8221;6px&#8221; button_border_width_phone=&#8221;4px&#8221; button_border_width_last_edited=&#8221;on|phone&#8221; custom_css_slide_description=&#8221;animation-name: none;&#8221; custom_css_slide_button=&#8221;display: none !important;&#8221; custom_css_slide_controllers=&#8221;||&#8221; header_text_shadow_style=&#8221;preset3&#8243; header_text_shadow_blur_strength=&#8221;0em&#8221; body_text_shadow_style=&#8221;preset3&#8243; body_text_shadow_blur_strength=&#8221;0em&#8221; global_colors_info=&#8221;{}&#8221; custom_css_slide_button_last_edited=&#8221;on|desktop&#8221; custom_css_slide_button_tablet=&#8221;display: none !important;&#8221; custom_css_slide_button_phone=&#8221;display: none !important;&#8221;][et_pb_slide use_bg_overlay=&#8221;off&#8221; use_text_overlay=&#8221;off&#8221; _builder_version=&#8221;4.21.0&#8243; _module_preset=&#8221;default&#8221; header_font=&#8221;|600||||on|||&#8221; header_text_align=&#8221;left&#8221; header_font_size=&#8221;30px&#8221; body_font=&#8221;Mulish|600||on|||||&#8221; body_font_size=&#8221;20px&#8221; background_enable_color=&#8221;off&#8221; background_image=&#8221;https:\/\/amuniviaggi.it\/en\/wp-content\/uploads\/sites\/3\/2023\/06\/photo1jpg.jpg&#8221; background_enable_image=&#8221;on&#8221; custom_button=&#8221;on&#8221; button_text_size=&#8221;0px&#8221; button_bg_color=&#8221;#0C71C3&#8243; button_border_width=&#8221;10px&#8221; button_border_color=&#8221;#0c71c3&#8243; button_border_radius=&#8221;4px&#8221; transform_translate_linked=&#8221;off&#8221; text_orientation=&#8221;left&#8221; custom_padding=&#8221;||||false|false&#8221; link_option_url=&#8221;#&#8221; global_colors_info=&#8221;{}&#8221; sticky_transition=&#8221;on&#8221;][\/et_pb_slide][\/et_pb_slider][et_pb_code _builder_version=&#8221;4.21.0&#8243; _module_preset=&#8221;default&#8221; global_colors_info=&#8221;{}&#8221;]<!-- [et_pb_line_break_holder] -->.smp-slider-29 .et-pb-arrow-prev {<!-- [et_pb_line_break_holder] -->    opacity: 1;<!-- [et_pb_line_break_holder] -->    left: unset !important;<!-- [et_pb_line_break_holder] -->    right: 50px !important;<!-- [et_pb_line_break_holder] -->    top: calc(100% &#8211; 50px);<!-- [et_pb_line_break_holder] -->    width: 50px;<!-- [et_pb_line_break_holder] -->    height: 50px;<!-- [et_pb_line_break_holder] -->    background: #151515cc;<!-- [et_pb_line_break_holder] -->}<!-- [et_pb_line_break_holder] --><!-- [et_pb_line_break_holder] -->.smp-slider-29 .et-pb-arrow-next {<!-- [et_pb_line_break_holder] -->    opacity: 1;<!-- [et_pb_line_break_holder] -->    right: 0px !important;<!-- [et_pb_line_break_holder] -->    top: calc(100% &#8211; 50px);<!-- [et_pb_line_break_holder] -->    width: 50px;<!-- [et_pb_line_break_holder] -->    height: 50px;<!-- [et_pb_line_break_holder] -->    background-color: #151515cc;<!-- [et_pb_line_break_holder] -->}<!-- [et_pb_line_break_holder] -->  <!-- [et_pb_line_break_holder] -->.smp-slider-29 .et-pb-arrow-next, .et-pb-arrow-prev {<!-- [et_pb_line_break_holder] -->    position: absolute;<!-- [et_pb_line_break_holder] -->    bottom: 0 ;<!-- [et_pb_line_break_holder] -->    z-index: 100;<!-- [et_pb_line_break_holder] -->    font-size: 48px;<!-- [et_pb_line_break_holder] -->    color: #fff;<!-- [et_pb_line_break_holder] -->    -webkit-transition: all .2s ease-in-out;<!-- [et_pb_line_break_holder] -->    transition: all .2s ease-in-out;<!-- [et_pb_line_break_holder] -->    margin-top: 0px !important;<!-- [et_pb_line_break_holder] -->} <!-- [et_pb_line_break_holder] -->  <!-- [et_pb_line_break_holder] -->.smp-slider-29 .et-pb-controllers a {<!-- [et_pb_line_break_holder] -->    border-radius: 0px;<!-- [et_pb_line_break_holder] -->    width: 25px;<!-- [et_pb_line_break_holder] -->}   <!-- [et_pb_line_break_holder] -->  <!-- [et_pb_line_break_holder] -->.smp-slider-29 .et-pb-active-slide {<!-- [et_pb_line_break_holder] -->    opacity: 1!important;<!-- [et_pb_line_break_holder] -->}<!-- [et_pb_line_break_holder] -->  <!-- [et_pb_line_break_holder] -->.smp-slider-29 .underline-text {<!-- [et_pb_line_break_holder] -->    text-decoration: none;<!-- [et_pb_line_break_holder] -->    box-shadow: inset 0 -0.5em 0 #9416ee;<!-- [et_pb_line_break_holder] -->    color: inherit;<!-- [et_pb_line_break_holder] -->}  <!-- [et_pb_line_break_holder] -->  <!-- [et_pb_line_break_holder] -->.smp-slider-29 .et_parallax_bg_wrap {<!-- [et_pb_line_break_holder] -->    -webkit-filter: brightness(70%); !important;<!-- [et_pb_line_break_holder] -->    filter: brightness(70%); !important;<!-- [et_pb_line_break_holder] -->}  <!-- [et_pb_line_break_holder] -->  <!-- [et_pb_line_break_holder] -->.smp-slider-29 .et_pb_slides .et_pb_slider_container_inner {<!-- [et_pb_line_break_holder] -->    vertical-align: bottom !important;<!-- [et_pb_line_break_holder] -->    padding-top: 35%;<!-- [et_pb_line_break_holder] -->}<!-- [et_pb_line_break_holder] -->  <!-- [et_pb_line_break_holder] -->.smp-slider-29 .et_pb_section_first .et_pb_slide {<!-- [et_pb_line_break_holder] -->    padding-top: 0px !important;<!-- [et_pb_line_break_holder] -->}  <!-- [et_pb_line_break_holder] -->  <!-- [et_pb_line_break_holder] -->.smp-slider-29 .et_pb_slide_description {<!-- [et_pb_line_break_holder] -->    padding-bottom: 3% !important;<!-- [et_pb_line_break_holder] -->    padding-top: 3% !important;<!-- [et_pb_line_break_holder] -->    padding-left: 3% !important;<!-- [et_pb_line_break_holder] -->    padding-right: 3% !important;<!-- [et_pb_line_break_holder] -->    background-color: rgba(21,21,21,0.8);<!-- [et_pb_line_break_holder] -->    width: fit-content;<!-- [et_pb_line_break_holder] -->    margin-left: -7% !important;<!-- [et_pb_line_break_holder] -->}   <!-- [et_pb_line_break_holder] -->  <!-- [et_pb_line_break_holder] -->.smp-slider-29 .et_pb_slide .et_parallax_bg {<!-- [et_pb_line_break_holder] -->   animation: zoom-in-effect 20s forwards;<!-- [et_pb_line_break_holder] -->  -ms-animation: zoom-in-effect 20s forwards;<!-- [et_pb_line_break_holder] -->  -webkit-animation: zoom-in-effect 20s forwards;<!-- [et_pb_line_break_holder] -->  -0-animation: zoom-in-effect 20s forwards;<!-- [et_pb_line_break_holder] -->  -moz-animation: zoom-in-effect 20s forwards;<!-- [et_pb_line_break_holder] -->  animation-delay: 0ms;<!-- [et_pb_line_break_holder] -->}<!-- [et_pb_line_break_holder] --> <!-- [et_pb_line_break_holder] --> <!-- [et_pb_line_break_holder] -->.smp-slider-29 .et_parallax_bg {<!-- [et_pb_line_break_holder] -->   animation: zoom-in-effect 20s forwards;<!-- [et_pb_line_break_holder] -->  -ms-animation: zoom-in-effect 20s forwards;<!-- [et_pb_line_break_holder] -->  -webkit-animation: zoom-in-effect 20s forwards;<!-- [et_pb_line_break_holder] -->  -0-animation: zoom-in-effect 20s forwards;<!-- [et_pb_line_break_holder] -->  -moz-animation: zoom-in-effect 20s forwards;<!-- [et_pb_line_break_holder] -->  animation-delay: 0ms;<!-- [et_pb_line_break_holder] -->}<!-- [et_pb_line_break_holder] --> <!-- [et_pb_line_break_holder] --> <!-- [et_pb_line_break_holder] -->@keyframes zoom-in-effect {<!-- [et_pb_line_break_holder] -->0%{<!-- [et_pb_line_break_holder] -->    -ms-transform: scale3d(1, 1, 1);<!-- [et_pb_line_break_holder] -->    -webkit-transform: scale3d(1, 1, 1);<!-- [et_pb_line_break_holder] -->    -o-transform: scale3d(1, 1, 1);<!-- [et_pb_line_break_holder] -->    -moz-transform: scale3d(1, 1, 1);<!-- [et_pb_line_break_holder] -->    transform: scale3d(1, 1, 1);<!-- [et_pb_line_break_holder] -->    animation-timing-function: ease;<!-- [et_pb_line_break_holder] --><!-- [et_pb_line_break_holder] -->}<!-- [et_pb_line_break_holder] -->     <!-- [et_pb_line_break_holder] --> <!-- [et_pb_line_break_holder] -->100%{<!-- [et_pb_line_break_holder] -->  -ms-transform: scale3d(1.5, 1.5, 1.5);<!-- [et_pb_line_break_holder] -->    -webkit-transform: scale3d(1.5, 1.5, 1.5);<!-- [et_pb_line_break_holder] -->    -o-transform: scale3d(1.5, 1.5, 1.5);<!-- [et_pb_line_break_holder] -->    -moz-transform: scale3d(1.5, 1.5, 1.5);<!-- [et_pb_line_break_holder] -->    transform: scale3d(1.5, 1.5, 1.5); <!-- [et_pb_line_break_holder] -->}<!-- [et_pb_line_break_holder] -->}<!-- [et_pb_line_break_holder] -->[\/et_pb_code][et_pb_text _builder_version=&#8221;4.21.0&#8243; _module_preset=&#8221;default&#8221; header_4_font=&#8221;Mulish|800|||||||&#8221; header_4_text_color=&#8221;#666666&#8243; header_4_font_size=&#8221;28px&#8221; text_orientation=&#8221;justified&#8221; custom_margin=&#8221;||||false|false&#8221; custom_padding=&#8221;50px|100px||100px|false|true&#8221; border_width_bottom=&#8221;1px&#8221; border_color_bottom=&#8221;rgba(0,0,0,0.1)&#8221; global_colors_info=&#8221;{}&#8221;]<\/p>\n<h4>Morning Tour:<\/h4>\n<p>Departure from the small port of San Leone at 10 o clock. After approximately about 60 minutes of navigation, during we could enjoy the magnificent views of the coast, we will come to Scala dei Turchi, a white marl ridge which glistens in the sunlight, and it will become UNESCO heritage soon.<\/p>\n<p>After another short sail we will come to Cape Russell and Rocca Gucciarda where we will stop. In this place we can swim and practice snorkeling activities. There we will hava at our disposal surfboards for those who we want sunbathing directly into the water.<\/p>\n<p>At lunchtime we will enjoy a plate of fresh pasta with pistachio sauce ( Pistacchio di Bronte ), fresh shrimps and bitter almond kernels, all served with fresh white wine.<\/p>\n<p>While navigating we will have fruit, water, tea and wine. The return is scheduled at about 16:00. <\/p>\n<p>[\/et_pb_text][et_pb_text _builder_version=&#8221;4.21.0&#8243; _module_preset=&#8221;default&#8221; header_4_font=&#8221;Mulish|800|||||||&#8221; header_4_text_color=&#8221;#666666&#8243; header_4_font_size=&#8221;28px&#8221; text_orientation=&#8221;justified&#8221; custom_margin=&#8221;||||false|false&#8221; custom_padding=&#8221;50px|100px||100px|false|true&#8221; border_width_bottom=&#8221;1px&#8221; border_color_bottom=&#8221;rgba(0,0,0,0.1)&#8221; global_colors_info=&#8221;{}&#8221;]<\/p>\n<h4>Afternoon Tour:<\/h4>\n<p>Departure from the small port of San Leone at 17:00. At about 18:00 we will reach the Turkish Steps, where you can swim and practice snorkeling activities.<\/p>\n<p>At sunset we will enjoy an aperitif made of bread with marinated anchovies from Lampedusa, red tuna from Trapani and salmon, all served with fresh Prosecco. Dinner continues with a serving of fresh pasta with pistachio souce (Pistacchio Di Bronte), fresh shrimps and bitter almond kernels, all served with fresh white wine.<\/p>\n<p>While sailing we will have fruit, water, tea and wine. The return is scheduled at night, arriving at the port at 21:30, during sailing we could enjoy views of the illuminated coast.<\/p>\n<p>The excursions take place every day, weather permitting. The schooner is a bialbero built in 1936 and it has sunbathing areas with pillows, shaded areas, covered areas and services.<\/p>\n<p>&nbsp;<\/p>\n<p>[\/et_pb_text][et_pb_text _builder_version=&#8221;4.21.0&#8243; _module_preset=&#8221;default&#8221; header_4_font=&#8221;Mulish|800|||||||&#8221; header_4_text_color=&#8221;#666666&#8243; header_4_font_size=&#8221;28px&#8221; text_orientation=&#8221;justified&#8221; custom_margin=&#8221;||||false|false&#8221; custom_padding=&#8221;50px|100px||100px|false|true&#8221; border_width_bottom=&#8221;1px&#8221; border_color_bottom=&#8221;rgba(0,0,0,0.1)&#8221; global_colors_info=&#8221;{}&#8221;]<\/p>\n<h4>Info:<\/h4>\n<p>Le escursioni si effettuano ogni giorno, condizioni meteo permettendo.<\/p>\n<p>La goletta \u00e8 una Bialbero del 1936 ed \u00e8 \u00e8 dotata di spazi rendisole con cuscineria, zone ombreggiate, spazi coperti e servizi.<\/p>\n<p>&nbsp;<\/p>\n<p>[\/et_pb_text][\/et_pb_column][et_pb_column type=&#8221;1_4&#8243; _builder_version=&#8221;4.21.0&#8243; _module_preset=&#8221;default&#8221; background_color=&#8221;rgba(214,214,214,0.25)&#8221; custom_padding=&#8221;0px||0px||true|false&#8221; sticky_position=&#8221;top&#8221; sticky_offset_top=&#8221;40px&#8221; sticky_limit_bottom=&#8221;row&#8221; scroll_vertical_motion=&#8221;0|26|26|100|4|0|-4&#8243; scroll_horizontal_motion=&#8221;15|50|50|78|50|0|-4&#8243; scroll_fade=&#8221;0|50|50|100|80%|100|80%&#8221; scroll_scaling=&#8221;18|50|50|83|70|100|100&#8243; motion_trigger_start=&#8221;bottom&#8221; border_radii=&#8221;on|10px|10px|10px|10px&#8221; box_shadow_style=&#8221;preset1&#8243; box_shadow_blur=&#8221;8px&#8221; global_colors_info=&#8221;{}&#8221;][et_pb_divider show_divider=&#8221;off&#8221; _builder_version=&#8221;4.21.0&#8243; _module_preset=&#8221;default&#8221; background_color=&#8221;#ffffff&#8221; global_colors_info=&#8221;{}&#8221;][\/et_pb_divider][et_pb_text _builder_version=&#8221;4.21.0&#8243; _module_preset=&#8221;default&#8221; text_font=&#8221;|||||on|||&#8221; header_4_font=&#8221;Mulish|700|||||||&#8221; header_4_text_color=&#8221;#FF6703&#8243; header_4_font_size=&#8221;20px&#8221; background_color=&#8221;#ffffff&#8221; text_orientation=&#8221;center&#8221; custom_margin=&#8221;||||true|false&#8221; custom_padding=&#8221;20px||20px||true|false&#8221; border_radii=&#8221;on|1px|1px|1px|1px&#8221; border_width_bottom=&#8221;1px&#8221; border_color_bottom=&#8221;rgba(0,0,0,0.26)&#8221; global_colors_info=&#8221;{}&#8221;]<\/p>\n<h4>INFO TOUR<\/h4>\n<p>[\/et_pb_text][et_pb_blurb title=&#8221;Agrigento &#8211; Scala dei Turchi&#8221; use_icon=&#8221;on&#8221; font_icon=&#8221;&#xe01d;||divi||400&#8243; icon_color=&#8221;#FF6703&#8243; icon_placement=&#8221;left&#8221; _builder_version=&#8221;4.21.0&#8243; _module_preset=&#8221;default&#8221; header_font=&#8221;Mulish|500|||||||&#8221; header_font_size=&#8221;12px&#8221; header_line_height=&#8221;1.6em&#8221; image_icon_custom_margin=&#8221;2px||||false|false&#8221; image_icon_custom_padding=&#8221;0px|||9px|false|false&#8221; custom_margin=&#8221;-20px||||false|false&#8221; custom_padding=&#8221;0px||0px||true|false&#8221; border_color_all_image=&#8221;#FF6703&#8243; global_colors_info=&#8221;{}&#8221;][\/et_pb_blurb][et_pb_blurb title=&#8221;Morning or Afternoon&#8221; use_icon=&#8221;on&#8221; font_icon=&#8221;&#x7d;||divi||400&#8243; icon_color=&#8221;#FF6703&#8243; icon_placement=&#8221;left&#8221; _builder_version=&#8221;4.21.0&#8243; _module_preset=&#8221;default&#8221; header_font=&#8221;Mulish|500|||||||&#8221; header_font_size=&#8221;12px&#8221; header_line_height=&#8221;1.6em&#8221; body_font=&#8221;Mulish||||||||&#8221; body_font_size=&#8221;12px&#8221; body_line_height=&#8221;2.8em&#8221; image_icon_custom_margin=&#8221;2px||||false|false&#8221; image_icon_custom_padding=&#8221;0px|||9px|false|false&#8221; custom_margin=&#8221;-20px||||false|false&#8221; custom_padding=&#8221;0px||0px||true|false&#8221; border_color_all_image=&#8221;#FF6703&#8243; global_colors_info=&#8221;{}&#8221;][\/et_pb_blurb][et_pb_blurb use_icon=&#8221;on&#8221; font_icon=&#8221;&#xf073;||fa||400&#8243; icon_color=&#8221;#FF6703&#8243; icon_placement=&#8221;left&#8221; _builder_version=&#8221;4.27.4&#8243; _module_preset=&#8221;default&#8221; header_font=&#8221;Mulish|500|||||||&#8221; header_font_size=&#8221;12px&#8221; header_line_height=&#8221;1.6em&#8221; body_font=&#8221;Mulish||||||||&#8221; body_font_size=&#8221;12px&#8221; body_line_height=&#8221;2.8em&#8221; image_icon_custom_margin=&#8221;2px||||false|false&#8221; image_icon_custom_padding=&#8221;0px|||9px|false|false&#8221; custom_margin=&#8221;-20px||||false|false&#8221; custom_padding=&#8221;0px||0px||true|false&#8221; hover_enabled=&#8221;0&#8243; border_color_all_image=&#8221;#FF6703&#8243; global_colors_info=&#8221;{}&#8221; sticky_enabled=&#8221;0&#8243;]<\/p>\n<p><strong>2026 Program<\/strong><\/p>\n<p>[\/et_pb_blurb][et_pb_blurb title=&#8221;Minimum number 2&#8243; use_icon=&#8221;on&#8221; font_icon=&#8221;&#xf0c0;||fa||900&#8243; icon_color=&#8221;#FF6703&#8243; icon_placement=&#8221;left&#8221; _builder_version=&#8221;4.21.0&#8243; _module_preset=&#8221;default&#8221; header_font=&#8221;Mulish|500|||||||&#8221; header_font_size=&#8221;12px&#8221; header_line_height=&#8221;2.6em&#8221; body_font=&#8221;Mulish||||||||&#8221; body_font_size=&#8221;12px&#8221; body_line_height=&#8221;2.8em&#8221; image_icon_custom_margin=&#8221;2px||||false|false&#8221; image_icon_custom_padding=&#8221;0px|||9px|false|false&#8221; custom_margin=&#8221;-20px||||false|false&#8221; custom_padding=&#8221;0px||0px||true|false&#8221; border_color_all_image=&#8221;#FF6703&#8243; global_colors_info=&#8221;{}&#8221;][\/et_pb_blurb][et_pb_blurb title=&#8221;Scala dei Turchi&#8221; use_icon=&#8221;on&#8221; font_icon=&#8221;&#xf52b;||fa||900&#8243; icon_color=&#8221;#FF6703&#8243; icon_placement=&#8221;left&#8221; _builder_version=&#8221;4.21.0&#8243; _module_preset=&#8221;default&#8221; header_font=&#8221;Mulish|500|||||||&#8221; header_font_size=&#8221;12px&#8221; header_line_height=&#8221;1.6em&#8221; image_icon_custom_margin=&#8221;2px||||false|false&#8221; image_icon_custom_padding=&#8221;0px|||9px|false|false&#8221; custom_margin=&#8221;-20px||||false|false&#8221; custom_padding=&#8221;0px||0px||true|false&#8221; border_color_all_image=&#8221;#FF6703&#8243; global_colors_info=&#8221;{}&#8221;][\/et_pb_blurb][et_pb_cta title=&#8221;FOR INFO&#8221; button_url=&#8221;@ET-DC@eyJkeW5hbWljIjp0cnVlLCJjb250ZW50IjoicG9zdF9saW5rX3VybF9wYWdlIiwic2V0dGluZ3MiOnsicG9zdF9pZCI6IjI0MDU3MiIsImVuYWJsZV9odG1sIjoib2ZmIn19@&#8221; button_text=&#8221;contact us&#8221; _builder_version=&#8221;4.21.0&#8243; _dynamic_attributes=&#8221;button_url&#8221; _module_preset=&#8221;default&#8221; header_font=&#8221;Mulish||||||||&#8221; header_text_color=&#8221;#666666&#8243; body_text_color=&#8221;#666666&#8243; background_color=&#8221;#ffffff&#8221; custom_button=&#8221;on&#8221; button_text_size=&#8221;18px&#8221; button_text_color=&#8221;#ffffff&#8221; button_bg_color=&#8221;#FF6703&#8243; button_border_width=&#8221;0px&#8221; button_border_color=&#8221;#666666&#8243; button_font=&#8221;Mulish|300||||on|||&#8221; button_alignment=&#8221;center&#8221; global_colors_info=&#8221;{}&#8221;]<\/p>\n<p>For information or customized quotations contact us!<\/p>\n<p>[\/et_pb_cta][\/et_pb_column][\/et_pb_row][\/et_pb_section][et_pb_section fb_built=&#8221;1&#8243; _builder_version=&#8221;4.21.0&#8243; _module_preset=&#8221;default&#8221; global_colors_info=&#8221;{}&#8221;][\/et_pb_section]<\/p>\n","protected":false},"excerpt":{"rendered":"<p>Morning Tour: Departure from the small port of San Leone at 10 o clock. After approximately about 60 minutes of navigation, during we could enjoy the magnificent views of the coast, we will come to Scala dei Turchi, a white marl ridge which glistens in the sunlight, and it will become UNESCO heritage soon. After [&hellip;]<\/p>\n","protected":false},"author":1,"featured_media":0,"parent":0,"menu_order":0,"comment_status":"closed","ping_status":"closed","template":"","meta":{"_et_pb_use_builder":"on","_et_pb_old_content":"","_et_gb_content_width":"","inline_featured_image":false,"footnotes":""},"class_list":["post-278189","page","type-page","status-publish","hentry"],"_links":{"self":[{"href":"https:\/\/amuniviaggi.it\/en\/wp-json\/wp\/v2\/pages\/278189","targetHints":{"allow":["GET"]}}],"collection":[{"href":"https:\/\/amuniviaggi.it\/en\/wp-json\/wp\/v2\/pages"}],"about":[{"href":"https:\/\/amuniviaggi.it\/en\/wp-json\/wp\/v2\/types\/page"}],"author":[{"embeddable":true,"href":"https:\/\/amuniviaggi.it\/en\/wp-json\/wp\/v2\/users\/1"}],"replies":[{"embeddable":true,"href":"https:\/\/amuniviaggi.it\/en\/wp-json\/wp\/v2\/comments?post=278189"}],"version-history":[{"count":5,"href":"https:\/\/amuniviaggi.it\/en\/wp-json\/wp\/v2\/pages\/278189\/revisions"}],"predecessor-version":[{"id":278691,"href":"https:\/\/amuniviaggi.it\/en\/wp-json\/wp\/v2\/pages\/278189\/revisions\/278691"}],"wp:attachment":[{"href":"https:\/\/amuniviaggi.it\/en\/wp-json\/wp\/v2\/media?parent=278189"}],"curies":[{"name":"wp","href":"https:\/\/api.w.org\/{rel}","templated":true}]}}